{"id":633,"date":"2024-05-06T21:45:43","date_gmt":"2024-05-06T21:45:43","guid":{"rendered":"https:\/\/taekicompetition.com\/?post_type=product&#038;p=633"},"modified":"2025-04-11T23:12:46","modified_gmt":"2025-04-11T23:12:46","slug":"dobok-taeki-competicion-olimpico","status":"publish","type":"product","link":"https:\/\/taekicompetition.com\/index.php\/producto\/dobok-taeki-competicion-olimpico\/","title":{"rendered":"DOBOK TAEKI COMPETICION OLIMPICO"},"content":{"rendered":"<p>DOBOK TAEKI COMPETICION OLIMPICO<\/p>\n<p>&nbsp;<\/p>\n","protected":false},"excerpt":{"rendered":"<p>Este uniforme de \u00e9lite est\u00e1 dise\u00f1ado para ajustarse ergon\u00f3micamente al cuerpo, ofreciendo una sensaci\u00f3n de segunda piel. Fabricado con una mezcla de 80% poli\u00e9ster y 20% algod\u00f3n, proporciona una combinaci\u00f3n \u00f3ptima de ligereza y comodidad. Su corte ce\u00f1ido mejora la aerodin\u00e1mica y reduce la resistencia al movimiento, permitiendo al atleta ejecutar t\u00e9cnicas con mayor precisi\u00f3n y velocidad. Ideal para competidores que buscan una ventaja competitiva y valoran un ajuste moderno y funcional.<\/p>\n","protected":false},"featured_media":930,"comment_status":"open","ping_status":"closed","template":"","meta":{"site-sidebar-layout":"default","site-content-layout":"","ast-site-content-layout":"default","site-content-style":"default","site-sidebar-style":"default","ast-global-header-display":"","ast-banner-title-visibility":"","ast-main-header-display":"","ast-hfb-above-header-display":"","ast-hfb-below-header-display":"","ast-hfb-mobile-header-display":"","site-post-title":"","ast-breadcrumbs-content":"","ast-featured-img":"","footer-sml-layout":"","theme-transparent-header-meta":"default","adv-header-id-meta":"","stick-header-meta":"","header-above-stick-meta":"","header-main-stick-meta":"","header-below-stick-meta":"","astra-migrate-meta-layouts":"set","ast-page-background-enabled":"default","ast-page-background-meta":{"desktop":{"background-color":"var(--ast-global-color-4)","background-image":"","background-repeat":"repeat","background-position":"center center","background-size":"auto","background-attachment":"scroll","background-type":"","background-media":"","overlay-type":"","overlay-color":"","overlay-gradient":""},"tablet":{"background-color":"","background-image":"","background-repeat":"repeat","background-position":"center center","background-size":"auto","background-attachment":"scroll","background-type":"","background-media":"","overlay-type":"","overlay-color":"","overlay-gradient":""},"mobile":{"background-color":"","background-image":"","background-repeat":"repeat","background-position":"center center","background-size":"auto","background-attachment":"scroll","background-type":"","background-media":"","overlay-type":"","overlay-color":"","overlay-gradient":""}},"ast-content-background-meta":{"desktop":{"background-color":"var(--ast-global-color-5)","background-image":"","background-repeat":"repeat","background-position":"center center","background-size":"auto","background-attachment":"scroll","background-type":"","background-media":"","overlay-type":"","overlay-color":"","overlay-gradient":""},"tablet":{"background-color":"var(--ast-global-color-5)","background-image":"","background-repeat":"repeat","background-position":"center center","background-size":"auto","background-attachment":"scroll","background-type":"","background-media":"","overlay-type":"","overlay-color":"","overlay-gradient":""},"mobile":{"background-color":"var(--ast-global-color-5)","background-image":"","background-repeat":"repeat","background-position":"center center","background-size":"auto","background-attachment":"scroll","background-type":"","background-media":"","overlay-type":"","overlay-color":"","overlay-gradient":""}},"_joinchat":[]},"product_cat":[35],"product_tag":[],"class_list":{"0":"post-633","1":"product","2":"type-product","3":"status-publish","4":"has-post-thumbnail","6":"product_cat-doboks","7":"desktop-align-left","8":"tablet-align-left","9":"mobile-align-left","11":"first","12":"instock","13":"shipping-taxable","14":"purchasable","15":"product-type-variable"},"_links":{"self":[{"href":"https:\/\/taekicompetition.com\/index.php\/wp-json\/wp\/v2\/product\/633","targetHints":{"allow":["GET"]}}],"collection":[{"href":"https:\/\/taekicompetition.com\/index.php\/wp-json\/wp\/v2\/product"}],"about":[{"href":"https:\/\/taekicompetition.com\/index.php\/wp-json\/wp\/v2\/types\/product"}],"replies":[{"embeddable":true,"href":"https:\/\/taekicompetition.com\/index.php\/wp-json\/wp\/v2\/comments?post=633"}],"wp:featuredmedia":[{"embeddable":true,"href":"https:\/\/taekicompetition.com\/index.php\/wp-json\/wp\/v2\/media\/930"}],"wp:attachment":[{"href":"https:\/\/taekicompetition.com\/index.php\/wp-json\/wp\/v2\/media?parent=633"}],"wp:term":[{"taxonomy":"product_cat","embeddable":true,"href":"https:\/\/taekicompetition.com\/index.php\/wp-json\/wp\/v2\/product_cat?post=633"},{"taxonomy":"product_tag","embeddable":true,"href":"https:\/\/taekicompetition.com\/index.php\/wp-json\/wp\/v2\/product_tag?post=633"}],"curies":[{"name":"wp","href":"https:\/\/api.w.org\/{rel}","templated":true}]}}